{"id":3505,"date":"2023-09-15T12:53:43","date_gmt":"2023-09-15T10:53:43","guid":{"rendered":"https:\/\/eskutik.eus\/?page_id=3505"},"modified":"2025-08-29T10:18:17","modified_gmt":"2025-08-29T08:18:17","slug":"nos-projets","status":"publish","type":"page","link":"https:\/\/eskutik.eus\/fr\/nos-projets\/","title":{"rendered":"Nos projets"},"content":{"rendered":"<p><div class=\"fusion-fullwidth fullwidth-box fusion-builder-row-1 fusion-flex-container has-pattern-background has-mask-background nonhundred-percent-fullwidth non-hundred-percent-height-scrolling\" style=\"--awb-border-color:#db116f;--awb-border-radius-top-left:7px;--awb-border-radius-top-right:7px;--awb-border-radius-bottom-right:7px;--awb-border-radius-bottom-left:7px;--awb-overflow:hidden;--awb-padding-top:50px;--awb-padding-bottom:30px;--awb-margin-top:30px;--awb-margin-top-small:-60px;--awb-margin-bottom-small:20px;--awb-background-color:rgba(247,247,247,0);--awb-flex-wrap:wrap;\" ><div class=\"fusion-builder-row fusion-row fusion-flex-align-items-center fusion-flex-content-wrap\" style=\"max-width:1393.6px;margin-left: calc(-4% \/ 2 );margin-right: calc(-4% \/ 2 );\"><div class=\"fusion-layout-column fusion_builder_column fusion-builder-column-0 fusion_builder_column_1_2 1_2 fusion-flex-column\" style=\"--awb-overflow:hidden;--awb-bg-color:rgba(255,255,255,0);--awb-bg-color-hover:rgba(255,255,255,0);--awb-bg-size:cover;--awb-border-radius:7px 7px 7px 7px;--awb-width-large:50%;--awb-margin-top-large:0px;--awb-spacing-right-large:3.84%;--awb-margin-bottom-large:0px;--awb-spacing-left-large:3.84%;--awb-width-medium:50%;--awb-order-medium:0;--awb-spacing-right-medium:3.84%;--awb-margin-bottom-medium:20px;--awb-spacing-left-medium:3.84%;--awb-width-small:100%;--awb-order-small:0;--awb-spacing-right-small:1.92%;--awb-margin-bottom-small:0px;--awb-spacing-left-small:1.92%;\" data-motion-effects=\"[{&quot;type&quot;:&quot;&quot;,&quot;scroll_type&quot;:&quot;transition&quot;,&quot;scroll_direction&quot;:&quot;up&quot;,&quot;transition_speed&quot;:&quot;1&quot;,&quot;fade_type&quot;:&quot;in&quot;,&quot;scale_type&quot;:&quot;up&quot;,&quot;initial_scale&quot;:&quot;1&quot;,&quot;max_scale&quot;:&quot;1.5&quot;,&quot;min_scale&quot;:&quot;0.5&quot;,&quot;initial_rotate&quot;:&quot;0&quot;,&quot;end_rotate&quot;:&quot;30&quot;,&quot;initial_blur&quot;:&quot;0&quot;,&quot;end_blur&quot;:&quot;3&quot;,&quot;start_element&quot;:&quot;top&quot;,&quot;start_viewport&quot;:&quot;bottom&quot;,&quot;end_element&quot;:&quot;bottom&quot;,&quot;end_viewport&quot;:&quot;top&quot;,&quot;mouse_effect&quot;:&quot;track&quot;,&quot;mouse_effect_direction&quot;:&quot;opposite&quot;,&quot;mouse_effect_speed&quot;:&quot;2&quot;,&quot;infinite_animation&quot;:&quot;float&quot;,&quot;infinite_animation_speed&quot;:&quot;2&quot;}]\" data-scroll-devices=\"small-visibility,medium-visibility,large-visibility\"><div class=\"fusion-column-wrapper fusion-column-has-shadow fusion-flex-justify-content-flex-start fusion-content-layout-column\"><div class=\"fusion-title title fusion-title-1 fusion-sep-none fusion-title-text fusion-title-size-two\"><h2 class=\"fusion-title-heading title-heading-left fusion-responsive-typography-calculated\" style=\"margin:0;text-transform:capitalize;--fontSize:54;line-height:var(--awb-typography1-line-height);\">L&rsquo;atelier Eskutik<\/h2><\/div><div class=\"fusion-separator\" style=\"align-self: flex-start;margin-right:auto;margin-top:15px;margin-bottom:35px;width:100%;max-width:80px;\"><div class=\"fusion-separator-border sep-single sep-solid\" style=\"--awb-height:20px;--awb-amount:20px;border-color:var(--awb-color6);border-top-width:2px;\"><\/div><\/div><div class=\"fusion-text fusion-text-1\"><h5>Xirrixt<\/h5>\n<p>Avec le concours de la Ligue de pelote d\u2019Iparralde nous avons cr\u00e9\u00e9 un nouvel outil p\u00e9dagogique. Le but est de rendre le jeu de xistera plus accessible \u00e0 tous et en particulier aux enfants. Afin de mener \u00e0 bien ce projet, nous avons pu b\u00e9n\u00e9ficier d\u2019une subvention de la Communaut\u00e9 d\u2019Agglom\u00e9ration Pays Basque. La recherche et la mise au point de l\u2019outil xirrixt ont n\u00e9cessit\u00e9 du temps et de la rigueur\u00a0: il s\u2019agissait de respecter les crit\u00e8res du jeu et la qualit\u00e9 du mat\u00e9riel.<\/p>\n<h5>Iraitz pilota<\/h5>\n<p>Pour les plus jeunes enfants nous sommes sur le point de cr\u00e9er une pelote qui ne craint pas l\u2019eau. Elle serait r\u00e9aliser dans l\u2019esprit des pelotes \u00e9ducatives et en utilisant une mati\u00e8re naturelle pour l\u2019\u00e9tanch\u00e9it\u00e9.<\/p>\n<\/div><\/div><\/div><div class=\"fusion-layout-column fusion_builder_column fusion-builder-column-1 fusion_builder_column_1_4 1_4 fusion-flex-column fusion-flex-align-self-flex-start\" style=\"--awb-bg-size:cover;--awb-width-large:25%;--awb-margin-top-large:0px;--awb-spacing-right-large:0px;--awb-margin-bottom-large:0px;--awb-spacing-left-large:7.68%;--awb-width-medium:25%;--awb-order-medium:0;--awb-margin-top-medium:30px;--awb-spacing-right-medium:0px;--awb-spacing-left-medium:7.68%;--awb-width-small:50%;--awb-order-small:0;--awb-spacing-right-small:0px;--awb-spacing-left-small:3.84%;\" data-motion-effects=\"[{&quot;type&quot;:&quot;&quot;,&quot;scroll_type&quot;:&quot;transition&quot;,&quot;scroll_direction&quot;:&quot;up&quot;,&quot;transition_speed&quot;:&quot;1&quot;,&quot;fade_type&quot;:&quot;in&quot;,&quot;scale_type&quot;:&quot;up&quot;,&quot;initial_scale&quot;:&quot;1&quot;,&quot;max_scale&quot;:&quot;1.5&quot;,&quot;min_scale&quot;:&quot;0.5&quot;,&quot;initial_rotate&quot;:&quot;0&quot;,&quot;end_rotate&quot;:&quot;30&quot;,&quot;initial_blur&quot;:&quot;0&quot;,&quot;end_blur&quot;:&quot;3&quot;,&quot;start_element&quot;:&quot;top&quot;,&quot;start_viewport&quot;:&quot;bottom&quot;,&quot;end_element&quot;:&quot;bottom&quot;,&quot;end_viewport&quot;:&quot;top&quot;,&quot;mouse_effect&quot;:&quot;track&quot;,&quot;mouse_effect_direction&quot;:&quot;opposite&quot;,&quot;mouse_effect_speed&quot;:&quot;2&quot;,&quot;infinite_animation&quot;:&quot;float&quot;,&quot;infinite_animation_speed&quot;:&quot;2&quot;}]\" data-scroll-devices=\"small-visibility,medium-visibility,large-visibility\"><div class=\"fusion-column-wrapper fusion-column-has-shadow fusion-flex-justify-content-flex-start fusion-content-layout-column\"><div class=\"fusion-image-element md-text-align-right\" style=\"--awb-caption-title-font-family:var(--h2_typography-font-family);--awb-caption-title-font-weight:var(--h2_typography-font-weight);--awb-caption-title-font-style:var(--h2_typography-font-style);--awb-caption-title-size:var(--h2_typography-font-size);--awb-caption-title-transform:var(--h2_typography-text-transform);--awb-caption-title-line-height:var(--h2_typography-line-height);--awb-caption-title-letter-spacing:var(--h2_typography-letter-spacing);\"><span class=\" fusion-imageframe imageframe-none imageframe-1 hover-type-none\" style=\"border-radius:10px;\"><img decoding=\"async\" width=\"1274\" height=\"1736\" alt=\"Extreme Sports Bike\" title=\"xirrixt_3\" src=\"https:\/\/eskutik.eus\/wp-content\/uploads\/2023\/11\/xirrixt_3.jpg\" data-orig-src=\"https:\/\/eskutik.eus\/wp-content\/uploads\/2023\/11\/xirrixt_3.jpg\" class=\"lazyload img-responsive wp-image-3603\" srcset=\"data:image\/svg+xml,%3Csvg%20xmlns%3D%27http%3A%2F%2Fwww.w3.org%2F2000%2Fsvg%27%20width%3D%271274%27%20height%3D%271736%27%20viewBox%3D%270%200%201274%201736%27%3E%3Crect%20width%3D%271274%27%20height%3D%271736%27%20fill-opacity%3D%220%22%2F%3E%3C%2Fsvg%3E\" data-srcset=\"https:\/\/eskutik.eus\/wp-content\/uploads\/2023\/11\/xirrixt_3-200x273.jpg 200w, https:\/\/eskutik.eus\/wp-content\/uploads\/2023\/11\/xirrixt_3-400x545.jpg 400w, https:\/\/eskutik.eus\/wp-content\/uploads\/2023\/11\/xirrixt_3-600x818.jpg 600w, https:\/\/eskutik.eus\/wp-content\/uploads\/2023\/11\/xirrixt_3-800x1090.jpg 800w, https:\/\/eskutik.eus\/wp-content\/uploads\/2023\/11\/xirrixt_3-1200x1635.jpg 1200w, https:\/\/eskutik.eus\/wp-content\/uploads\/2023\/11\/xirrixt_3.jpg 1274w\" data-sizes=\"auto\" data-orig-sizes=\"(max-width: 768px) 100vw, 400px\" \/><\/span><\/div><\/div><\/div><div class=\"fusion-layout-column fusion_builder_column fusion-builder-column-2 fusion_builder_column_1_4 1_4 fusion-flex-column fusion-flex-align-self-flex-start\" style=\"--awb-bg-size:cover;--awb-width-large:25%;--awb-margin-top-large:0px;--awb-spacing-right-large:7.68%;--awb-margin-bottom-large:0px;--awb-spacing-left-large:7.68%;--awb-width-medium:25%;--awb-order-medium:0;--awb-margin-top-medium:30px;--awb-spacing-right-medium:7.68%;--awb-spacing-left-medium:7.68%;--awb-width-small:50%;--awb-order-small:0;--awb-spacing-right-small:3.84%;--awb-spacing-left-small:3.84%;\" data-motion-effects=\"[{&quot;type&quot;:&quot;&quot;,&quot;scroll_type&quot;:&quot;transition&quot;,&quot;scroll_direction&quot;:&quot;up&quot;,&quot;transition_speed&quot;:&quot;1&quot;,&quot;fade_type&quot;:&quot;in&quot;,&quot;scale_type&quot;:&quot;up&quot;,&quot;initial_scale&quot;:&quot;1&quot;,&quot;max_scale&quot;:&quot;1.5&quot;,&quot;min_scale&quot;:&quot;0.5&quot;,&quot;initial_rotate&quot;:&quot;0&quot;,&quot;end_rotate&quot;:&quot;30&quot;,&quot;initial_blur&quot;:&quot;0&quot;,&quot;end_blur&quot;:&quot;3&quot;,&quot;start_element&quot;:&quot;top&quot;,&quot;start_viewport&quot;:&quot;bottom&quot;,&quot;end_element&quot;:&quot;bottom&quot;,&quot;end_viewport&quot;:&quot;top&quot;,&quot;mouse_effect&quot;:&quot;track&quot;,&quot;mouse_effect_direction&quot;:&quot;opposite&quot;,&quot;mouse_effect_speed&quot;:&quot;2&quot;,&quot;infinite_animation&quot;:&quot;float&quot;,&quot;infinite_animation_speed&quot;:&quot;2&quot;}]\" data-scroll-devices=\"small-visibility,medium-visibility,large-visibility\"><div class=\"fusion-column-wrapper fusion-column-has-shadow fusion-flex-justify-content-flex-start fusion-content-layout-column\"><div class=\"fusion-image-element \" style=\"--awb-caption-title-font-family:var(--h2_typography-font-family);--awb-caption-title-font-weight:var(--h2_typography-font-weight);--awb-caption-title-font-style:var(--h2_typography-font-style);--awb-caption-title-size:var(--h2_typography-font-size);--awb-caption-title-transform:var(--h2_typography-text-transform);--awb-caption-title-line-height:var(--h2_typography-line-height);--awb-caption-title-letter-spacing:var(--h2_typography-letter-spacing);\"><span class=\" fusion-imageframe imageframe-none imageframe-2 hover-type-none\" style=\"border-radius:10px;\"><img decoding=\"async\" width=\"443\" height=\"800\" alt=\"Extreme Sports Mountain Climbing\" title=\"pilotak_trinkete_2\" src=\"https:\/\/eskutik.eus\/wp-content\/uploads\/2023\/11\/pilotak_trinkete_2.jpg\" data-orig-src=\"https:\/\/eskutik.eus\/wp-content\/uploads\/2023\/11\/pilotak_trinkete_2.jpg\" class=\"lazyload img-responsive wp-image-3609\" srcset=\"data:image\/svg+xml,%3Csvg%20xmlns%3D%27http%3A%2F%2Fwww.w3.org%2F2000%2Fsvg%27%20width%3D%27443%27%20height%3D%27800%27%20viewBox%3D%270%200%20443%20800%27%3E%3Crect%20width%3D%27443%27%20height%3D%27800%27%20fill-opacity%3D%220%22%2F%3E%3C%2Fsvg%3E\" data-srcset=\"https:\/\/eskutik.eus\/wp-content\/uploads\/2023\/11\/pilotak_trinkete_2-200x361.jpg 200w, https:\/\/eskutik.eus\/wp-content\/uploads\/2023\/11\/pilotak_trinkete_2-400x722.jpg 400w, https:\/\/eskutik.eus\/wp-content\/uploads\/2023\/11\/pilotak_trinkete_2.jpg 443w\" data-sizes=\"auto\" data-orig-sizes=\"(max-width: 768px) 100vw, 400px\" \/><\/span><\/div><\/div><\/div><\/div><\/div><div class=\"fusion-fullwidth fullwidth-box fusion-builder-row-2 fusion-flex-container has-pattern-background has-mask-background nonhundred-percent-fullwidth non-hundred-percent-height-scrolling\" style=\"--awb-border-radius-top-left:0px;--awb-border-radius-top-right:0px;--awb-border-radius-bottom-right:0px;--awb-border-radius-bottom-left:0px;--awb-background-color:var(--awb-color3);--awb-flex-wrap:wrap;\" ><div class=\"fusion-builder-row fusion-row fusion-flex-align-items-flex-start fusion-flex-content-wrap\" style=\"max-width:1393.6px;margin-left: calc(-4% \/ 2 );margin-right: calc(-4% \/ 2 );\"><div class=\"fusion-layout-column fusion_builder_column fusion-builder-column-3 fusion_builder_column_1_2 1_2 fusion-flex-column\" style=\"--awb-bg-size:cover;--awb-width-large:50%;--awb-margin-top-large:0px;--awb-spacing-right-large:3.84%;--awb-margin-bottom-large:20px;--awb-spacing-left-large:3.84%;--awb-width-medium:50%;--awb-order-medium:0;--awb-spacing-right-medium:3.84%;--awb-spacing-left-medium:3.84%;--awb-width-small:100%;--awb-order-small:0;--awb-spacing-right-small:1.92%;--awb-spacing-left-small:1.92%;\"><div class=\"fusion-column-wrapper fusion-column-has-shadow fusion-flex-justify-content-flex-start fusion-content-layout-column\"><div class=\"fusion-text fusion-text-2\"><h5>Pelotes recycl\u00e9es<\/h5>\n<p>Ce projet verrait le jour gr\u00e2ce \u00e0 la collaboration des diff\u00e9rents acteurs du monde de la pelote. Afin d\u2019initier cette dynamique, nous Eskutik nous vous proposons le projet \u00ab Pilota biribil berrerabil \u00bb. Ici vous trouverez la pr\u00e9sentation permettant au club de pelote de prendre part au projet.<\/p>\n<h5>Projet \u00ab Pilota biribil berrerabil \u00bb<\/h5>\n<p><strong>Le but : <\/strong>cr\u00e9er un circuit court et local en recyclant les pelotes. <strong>Comment ?<\/strong> En redonnant vie aux pelotes usag\u00e9es qui tra\u00eenent dans les maisons et les clubs.\u00a0<strong>Avec qui ? E<\/strong>n cr\u00e9ant un partenariat de travail \u00e0 trois\u00a0: votre club, Eskutik et une entreprise ou institution locale.<\/p>\n<\/div><\/div><\/div><div class=\"fusion-layout-column fusion_builder_column fusion-builder-column-4 fusion_builder_column_1_2 1_2 fusion-flex-column\" style=\"--awb-padding-left:20px;--awb-bg-size:cover;--awb-border-color:var(--awb-color6);--awb-border-left:1px;--awb-border-style:solid;--awb-width-large:50%;--awb-margin-top-large:0px;--awb-spacing-right-large:3.84%;--awb-margin-bottom-large:20px;--awb-spacing-left-large:3.84%;--awb-width-medium:50%;--awb-order-medium:0;--awb-spacing-right-medium:3.84%;--awb-spacing-left-medium:3.84%;--awb-width-small:100%;--awb-order-small:0;--awb-spacing-right-small:1.92%;--awb-spacing-left-small:1.92%;\" data-motion-effects=\"[{&quot;type&quot;:&quot;&quot;,&quot;scroll_type&quot;:&quot;transition&quot;,&quot;scroll_direction&quot;:&quot;up&quot;,&quot;transition_speed&quot;:&quot;1&quot;,&quot;fade_type&quot;:&quot;in&quot;,&quot;scale_type&quot;:&quot;up&quot;,&quot;initial_scale&quot;:&quot;1&quot;,&quot;max_scale&quot;:&quot;1.5&quot;,&quot;min_scale&quot;:&quot;0.5&quot;,&quot;initial_rotate&quot;:&quot;0&quot;,&quot;end_rotate&quot;:&quot;30&quot;,&quot;initial_blur&quot;:&quot;0&quot;,&quot;end_blur&quot;:&quot;3&quot;,&quot;start_element&quot;:&quot;top&quot;,&quot;start_viewport&quot;:&quot;bottom&quot;,&quot;end_element&quot;:&quot;bottom&quot;,&quot;end_viewport&quot;:&quot;top&quot;,&quot;mouse_effect&quot;:&quot;track&quot;,&quot;mouse_effect_direction&quot;:&quot;opposite&quot;,&quot;mouse_effect_speed&quot;:&quot;2&quot;,&quot;infinite_animation&quot;:&quot;float&quot;,&quot;infinite_animation_speed&quot;:&quot;2&quot;}]\" data-scroll-devices=\"small-visibility,medium-visibility,large-visibility\"><div class=\"fusion-column-wrapper fusion-column-has-shadow fusion-flex-justify-content-flex-start fusion-content-layout-column\"><div class=\"fusion-text fusion-text-3\"><h5>L\u2019engagement des parties prenantes<\/h5>\n<p><img decoding=\"async\" class=\"lazyload wp-image-3423 alignleft\" src=\"https:\/\/eskutik.eus\/wp-content\/uploads\/2023\/10\/benta_iriarte.jpg\" data-orig-src=\"https:\/\/eskutik.eus\/wp-content\/uploads\/2023\/10\/benta_iriarte.jpg\" alt=\"\" width=\"152\" height=\"114\" srcset=\"data:image\/svg+xml,%3Csvg%20xmlns%3D%27http%3A%2F%2Fwww.w3.org%2F2000%2Fsvg%27%20width%3D%27152%27%20height%3D%27114%27%20viewBox%3D%270%200%20152%20114%27%3E%3Crect%20width%3D%27152%27%20height%3D%27114%27%20fill-opacity%3D%220%22%2F%3E%3C%2Fsvg%3E\" data-srcset=\"https:\/\/eskutik.eus\/wp-content\/uploads\/2023\/10\/benta_iriarte-200x150.jpg 200w, https:\/\/eskutik.eus\/wp-content\/uploads\/2023\/10\/benta_iriarte.jpg 300w\" data-sizes=\"auto\" data-orig-sizes=\"(max-width: 152px) 100vw, 152px\" \/> <b><\/b><\/p>\n<p><b>Le partenaire (entreprise ou institution)<\/b>\u00a0<b>: <\/b>nous lui proposons d\u2019acheter les pelotes restaur\u00e9es en y inscrivant le logo de l\u2019entreprise, afin qu\u2019il puisse ensuite les offrir aux clients, fournisseurs, employ\u00e9s\u2026 selon son gr\u00e9.<\/p>\n<p><img decoding=\"async\" class=\"lazyload wp-image-3425 alignleft\" src=\"https:\/\/eskutik.eus\/wp-content\/uploads\/2023\/10\/pilota_zaharra.jpg\" data-orig-src=\"https:\/\/eskutik.eus\/wp-content\/uploads\/2023\/10\/pilota_zaharra.jpg\" alt=\"\" width=\"153\" height=\"115\" srcset=\"data:image\/svg+xml,%3Csvg%20xmlns%3D%27http%3A%2F%2Fwww.w3.org%2F2000%2Fsvg%27%20width%3D%27153%27%20height%3D%27115%27%20viewBox%3D%270%200%20153%20115%27%3E%3Crect%20width%3D%27153%27%20height%3D%27115%27%20fill-opacity%3D%220%22%2F%3E%3C%2Fsvg%3E\" data-srcset=\"https:\/\/eskutik.eus\/wp-content\/uploads\/2023\/10\/pilota_zaharra-200x150.jpg 200w, https:\/\/eskutik.eus\/wp-content\/uploads\/2023\/10\/pilota_zaharra-300x225.jpg 300w, https:\/\/eskutik.eus\/wp-content\/uploads\/2023\/10\/pilota_zaharra-400x300.jpg 400w, https:\/\/eskutik.eus\/wp-content\/uploads\/2023\/10\/pilota_zaharra.jpg 500w\" data-sizes=\"auto\" data-orig-sizes=\"(max-width: 153px) 100vw, 153px\" \/><b>Le Club : <\/b>il se mettra en relation avec le partenaire local, et apr\u00e8s avoir convenu du nombre de pelotes n\u00e9cessaires, il rassemblera les vieilles pelotes et les remettra \u00e0 Eskutik<b><\/b>.<\/p>\n<p><img decoding=\"async\" class=\"lazyload wp-image-3427 alignleft\" src=\"https:\/\/eskutik.eus\/wp-content\/uploads\/2023\/10\/pilota_sara.jpg\" data-orig-src=\"https:\/\/eskutik.eus\/wp-content\/uploads\/2023\/10\/pilota_sara.jpg\" alt=\"\" width=\"154\" height=\"116\" srcset=\"data:image\/svg+xml,%3Csvg%20xmlns%3D%27http%3A%2F%2Fwww.w3.org%2F2000%2Fsvg%27%20width%3D%27154%27%20height%3D%27116%27%20viewBox%3D%270%200%20154%20116%27%3E%3Crect%20width%3D%27154%27%20height%3D%27116%27%20fill-opacity%3D%220%22%2F%3E%3C%2Fsvg%3E\" data-srcset=\"https:\/\/eskutik.eus\/wp-content\/uploads\/2023\/10\/pilota_sara-200x150.jpg 200w, https:\/\/eskutik.eus\/wp-content\/uploads\/2023\/10\/pilota_sara-300x225.jpg 300w, https:\/\/eskutik.eus\/wp-content\/uploads\/2023\/10\/pilota_sara-400x300.jpg 400w, https:\/\/eskutik.eus\/wp-content\/uploads\/2023\/10\/pilota_sara.jpg 500w\" data-sizes=\"auto\" data-orig-sizes=\"(max-width: 154px) 100vw, 154px\" \/><b>Eskutik: <\/b>La coop\u00e9rative changera le cuir, apposera le logo du partenaire ainsi que le sigle abr\u00e9g\u00e9 du club.<\/p>\n<p><b>Le club<\/b> r\u00e9cup\u00e9rera les pelotes restaur\u00e9es et les remettra \u00e0 l&rsquo;entreprise partenaire.<\/p>\n<\/div><\/div><\/div><\/div><\/div><\/p>\n","protected":false},"excerpt":{"rendered":"","protected":false},"author":1,"featured_media":0,"parent":0,"menu_order":0,"comment_status":"closed","ping_status":"closed","template":"100-width.php","meta":{"footnotes":""},"class_list":["post-3505","page","type-page","status-publish","hentry"],"_links":{"self":[{"href":"https:\/\/eskutik.eus\/fr\/wp-json\/wp\/v2\/pages\/3505","targetHints":{"allow":["GET"]}}],"collection":[{"href":"https:\/\/eskutik.eus\/fr\/wp-json\/wp\/v2\/pages"}],"about":[{"href":"https:\/\/eskutik.eus\/fr\/wp-json\/wp\/v2\/types\/page"}],"author":[{"embeddable":true,"href":"https:\/\/eskutik.eus\/fr\/wp-json\/wp\/v2\/users\/1"}],"replies":[{"embeddable":true,"href":"https:\/\/eskutik.eus\/fr\/wp-json\/wp\/v2\/comments?post=3505"}],"version-history":[{"count":7,"href":"https:\/\/eskutik.eus\/fr\/wp-json\/wp\/v2\/pages\/3505\/revisions"}],"predecessor-version":[{"id":3805,"href":"https:\/\/eskutik.eus\/fr\/wp-json\/wp\/v2\/pages\/3505\/revisions\/3805"}],"wp:attachment":[{"href":"https:\/\/eskutik.eus\/fr\/wp-json\/wp\/v2\/media?parent=3505"}],"curies":[{"name":"wp","href":"https:\/\/api.w.org\/{rel}","templated":true}]}}